{"id":286,"date":"2017-09-21T12:07:29","date_gmt":"2017-09-21T10:07:29","guid":{"rendered":"https:\/\/www.lauriga.com\/?post_type=product&#038;p=286"},"modified":"2021-02-22T13:36:27","modified_gmt":"2021-02-22T12:36:27","slug":"chateau-lauriga-rivesaltes-ambre-hors-dage","status":"publish","type":"product","link":"https:\/\/www.lauriga.com\/en\/les-vins\/chateau-lauriga-rivesaltes-ambre-hors-dage\/","title":{"rendered":"Ch\u00e2teau Lauriga Rivesaltes Ambr\u00e9 Hors d\u2019\u00c2ge 75cl"},"content":{"rendered":"<h4>Le vignoble<\/h4>\n<ul>\n<li><strong>Sols :<\/strong> Argilo-calcaire, tr\u00e8s caillouteux<\/li>\n<li><strong>Climat :<\/strong> M\u00e9diterran\u00e9en avec influence Atlantique<\/li>\n<li><strong>Altitude :<\/strong> 80 &#8211; 150 m<\/li>\n<li><strong>Rendement moyen :<\/strong> 18hl\/ha<\/li>\n<li><strong>Vendange :<\/strong> Manuelle<\/li>\n<li><strong>Taille :<\/strong> Cordon de Royat et Guyot Simple<\/li>\n<li><strong>Densit\u00e9 de plantation :<\/strong> 4400 pieds\/ha<\/li>\n<li><strong>Age des vignes :<\/strong> 13 \u2013 25 ans<\/li>\n<\/ul>\n<h4>Vinification<\/h4>\n<p class=\"p2\">Les vendanges sont \u00e9grapp\u00e9es \u00e0 l\u2019arriv\u00e9e au chai et mises directement dans le pressoir pneumatique. La vendange fra\u00eeche est ensuite press\u00e9e avec beaucoup de soins. La fermentation s\u2019est d\u00e9roul\u00e9e avec un contr\u00f4le strict des temp\u00e9ratures. L\u2019op\u00e9ration de mutage (ajout d\u2019alcool au mo\u00fbt en (fermentation) est survenue ensuite afin de conserver au mo\u00fbt la sucrosit\u00e9 souhait\u00e9e. Un long \u00e9levage en milieu oxydatif, dans des f\u00fbts de 225L, de plusieurs ann\u00e9es a permis le d\u00e9veloppement des ar\u00f4mes caract\u00e9ristiques de ce produit exceptionnel.<\/p>\n","protected":false},"excerpt":{"rendered":"<ul>\n<li><strong>Appellation :<\/strong>\u00a0AOP Rivesaltes Ambr\u00e9 Hors d&#8217;Age<\/li>\n<li><strong>C\u00e9pages :<\/strong>\u00a065% Grenache Blanc 30% Macabeu 5% Muscat petit grain.<\/li>\n<\/ul>\n<p>&nbsp;<\/p>\n<h4 class=\"p2\">Notes de d\u00e9gustation<\/h4>\n<p>&nbsp;<\/p>\n<ul>\n<li class=\"p2\"><strong>Couleur :\u00a0<\/strong>Robe ambr\u00e9 fonc\u00e9 aux nuances acajou.<\/li>\n<li class=\"p2\"><strong>Nez :\u00a0<\/strong>La d\u00e9couverte se poursuit avec un nez d\u2019une tr\u00e8s belle complexit\u00e9 aromatiques aux notes d\u2019agrumes confites.<\/li>\n<li class=\"p2\"><strong>Bouche :\u00a0<\/strong>En bouche un volume \u00e9tonnant domine l\u2019\u00e9quilibre o\u00f9 se m\u00ealent les notes de pruneau \u00e0 l\u2019eau de vie, d\u2019\u00e9pices douces et de fleur d\u2019oranger. Une tr\u00e8s belle puissance aromatique.<\/li>\n<li class=\"p2\"><strong>Accords mets et vin:\u00a0<\/strong>Servir id\u00e9alement \u00e0 14\u00b0C, d\u00e9licieux \u00e0 l\u2019ap\u00e9ritif, sur du foie gras, fromages et desserts.<\/li>\n<\/ul>\n","protected":false},"featured_media":545,"comment_status":"open","ping_status":"closed","template":"","meta":{"_et_pb_use_builder":"","_et_pb_old_content":"","_et_gb_content_width":""},"product_cat":[51],"product_tag":[],"class_list":{"0":"post-286","1":"product","2":"type-product","3":"status-publish","4":"has-post-thumbnail","6":"product_cat-vin-doux-naturel","8":"first","9":"outofstock","10":"taxable","11":"shipping-taxable","12":"product-type-simple"},"yoast_head":"<!-- This site is optimized with the Yoast SEO plugin v25.3.1 - https:\/\/yoast.com\/wordpress\/plugins\/seo\/ -->\n<title>Ch\u00e2teau Lauriga Rivesaltes Ambr\u00e9 Hors d\u2019\u00c2ge 75cl - Ch\u00e2teau Lauriga<\/title>\n<meta name=\"robots\" content=\"index, follow, max-snippet:-1, max-image-preview:large, max-video-preview:-1\" \/>\n<link rel=\"canonical\" href=\"https:\/\/www.lauriga.com\/les-vins\/chateau-lauriga-rivesaltes-ambre-hors-dage\/\" \/>\n<meta property=\"og:locale\" content=\"en_US\" \/>\n<meta property=\"og:type\" content=\"article\" \/>\n<meta property=\"og:title\" content=\"Ch\u00e2teau Lauriga Rivesaltes Ambr\u00e9 Hors d\u2019\u00c2ge 75cl - Ch\u00e2teau Lauriga\" \/>\n<meta property=\"og:description\" content=\"Appellation :\u00a0AOP Rivesaltes Ambr\u00e9 Hors d&#039;Age  C\u00e9pages :\u00a065% Grenache Blanc 30% Macabeu 5% Muscat petit grain.  &nbsp; Notes de d\u00e9gustation &nbsp;   Couleur :\u00a0Robe ambr\u00e9 fonc\u00e9 aux nuances acajou.  Nez :\u00a0La d\u00e9couverte se poursuit avec un nez d\u2019une tr\u00e8s belle complexit\u00e9 aromatiques aux notes d\u2019agrumes confites.  Bouche :\u00a0En bouche un volume \u00e9tonnant domine l\u2019\u00e9quilibre o\u00f9 se m\u00ealent les notes de pruneau \u00e0 l\u2019eau de vie, d\u2019\u00e9pices douces et de fleur d\u2019oranger. Une tr\u00e8s belle puissance aromatique.  Accords mets et vin:\u00a0Servir id\u00e9alement \u00e0 14\u00b0C, d\u00e9licieux \u00e0 l\u2019ap\u00e9ritif, sur du foie gras, fromages et desserts.\" \/>\n<meta property=\"og:url\" content=\"https:\/\/www.lauriga.com\/les-vins\/chateau-lauriga-rivesaltes-ambre-hors-dage\/\" \/>\n<meta property=\"og:site_name\" content=\"Ch\u00e2teau Lauriga\" \/>\n<meta property=\"article:modified_time\" content=\"2021-02-22T12:36:27+00:00\" \/>\n<meta property=\"og:image\" content=\"https:\/\/www.lauriga.com\/wp-content\/uploads\/2017\/09\/rivesaltes-ambre.png\" \/>\n\t<meta property=\"og:image:width\" content=\"800\" \/>\n\t<meta property=\"og:image:height\" content=\"800\" \/>\n\t<meta property=\"og:image:type\" content=\"image\/png\" \/>\n<meta name=\"twitter:card\" content=\"summary_large_image\" \/>\n<meta name=\"twitter:label1\" content=\"Est. reading time\" \/>\n\t<meta name=\"twitter:data1\" content=\"1 minute\" \/>\n<script type=\"application\/ld+json\" class=\"yoast-schema-graph\">{\"@context\":\"https:\/\/schema.org\",\"@graph\":[{\"@type\":\"WebPage\",\"@id\":\"https:\/\/www.lauriga.com\/les-vins\/chateau-lauriga-rivesaltes-ambre-hors-dage\/\",\"url\":\"https:\/\/www.lauriga.com\/les-vins\/chateau-lauriga-rivesaltes-ambre-hors-dage\/\",\"name\":\"Ch\u00e2teau Lauriga Rivesaltes Ambr\u00e9 Hors d\u2019\u00c2ge 75cl - Ch\u00e2teau Lauriga\",\"isPartOf\":{\"@id\":\"https:\/\/www.lauriga.com\/#website\"},\"primaryImageOfPage\":{\"@id\":\"https:\/\/www.lauriga.com\/les-vins\/chateau-lauriga-rivesaltes-ambre-hors-dage\/#primaryimage\"},\"image\":{\"@id\":\"https:\/\/www.lauriga.com\/les-vins\/chateau-lauriga-rivesaltes-ambre-hors-dage\/#primaryimage\"},\"thumbnailUrl\":\"https:\/\/www.lauriga.com\/wp-content\/uploads\/2017\/09\/rivesaltes-ambre.png\",\"datePublished\":\"2017-09-21T10:07:29+00:00\",\"dateModified\":\"2021-02-22T12:36:27+00:00\",\"breadcrumb\":{\"@id\":\"https:\/\/www.lauriga.com\/les-vins\/chateau-lauriga-rivesaltes-ambre-hors-dage\/#breadcrumb\"},\"inLanguage\":\"en-US\",\"potentialAction\":[{\"@type\":\"ReadAction\",\"target\":[\"https:\/\/www.lauriga.com\/les-vins\/chateau-lauriga-rivesaltes-ambre-hors-dage\/\"]}]},{\"@type\":\"ImageObject\",\"inLanguage\":\"en-US\",\"@id\":\"https:\/\/www.lauriga.com\/les-vins\/chateau-lauriga-rivesaltes-ambre-hors-dage\/#primaryimage\",\"url\":\"https:\/\/www.lauriga.com\/wp-content\/uploads\/2017\/09\/rivesaltes-ambre.png\",\"contentUrl\":\"https:\/\/www.lauriga.com\/wp-content\/uploads\/2017\/09\/rivesaltes-ambre.png\",\"width\":800,\"height\":800,\"caption\":\"L\u2019op\u00e9ration de mutage (ajout d\u2019alcool au mo\u00fbt en (fermentation) est survenue ensuite afin de conserver au mo\u00fbt la sucrosit\u00e9 souhait\u00e9e. Un long \u00e9levage en milieu oxydatif, dans des f\u00fbts de 225L, de plusieurs ann\u00e9es a permis le d\u00e9veloppement des ar\u00f4mes caract\u00e9ristiques de ce produit exceptionnel....\"},{\"@type\":\"BreadcrumbList\",\"@id\":\"https:\/\/www.lauriga.com\/les-vins\/chateau-lauriga-rivesaltes-ambre-hors-dage\/#breadcrumb\",\"itemListElement\":[{\"@type\":\"ListItem\",\"position\":1,\"name\":\"Accueil\",\"item\":\"https:\/\/www.lauriga.com\/\"},{\"@type\":\"ListItem\",\"position\":2,\"name\":\"Boutique des vins du Roussillon\",\"item\":\"https:\/\/www.lauriga.com\/boutique\/\"},{\"@type\":\"ListItem\",\"position\":3,\"name\":\"Ch\u00e2teau Lauriga Rivesaltes Ambr\u00e9 Hors d\u2019\u00c2ge 75cl\"}]},{\"@type\":\"WebSite\",\"@id\":\"https:\/\/www.lauriga.com\/#website\",\"url\":\"https:\/\/www.lauriga.com\/\",\"name\":\"Ch\u00e2teau Lauriga\",\"description\":\"Les vins du Roussillon\",\"potentialAction\":[{\"@type\":\"SearchAction\",\"target\":{\"@type\":\"EntryPoint\",\"urlTemplate\":\"https:\/\/www.lauriga.com\/?s={search_term_string}\"},\"query-input\":{\"@type\":\"PropertyValueSpecification\",\"valueRequired\":true,\"valueName\":\"search_term_string\"}}],\"inLanguage\":\"en-US\"}]}<\/script>\n<!-- \/ Yoast SEO plugin. -->","yoast_head_json":{"title":"Ch\u00e2teau Lauriga Rivesaltes Ambr\u00e9 Hors d\u2019\u00c2ge 75cl - Ch\u00e2teau Lauriga","robots":{"index":"index","follow":"follow","max-snippet":"max-snippet:-1","max-image-preview":"max-image-preview:large","max-video-preview":"max-video-preview:-1"},"canonical":"https:\/\/www.lauriga.com\/les-vins\/chateau-lauriga-rivesaltes-ambre-hors-dage\/","og_locale":"en_US","og_type":"article","og_title":"Ch\u00e2teau Lauriga Rivesaltes Ambr\u00e9 Hors d\u2019\u00c2ge 75cl - Ch\u00e2teau Lauriga","og_description":"Appellation :\u00a0AOP Rivesaltes Ambr\u00e9 Hors d'Age  C\u00e9pages :\u00a065% Grenache Blanc 30% Macabeu 5% Muscat petit grain.  &nbsp; Notes de d\u00e9gustation &nbsp;   Couleur :\u00a0Robe ambr\u00e9 fonc\u00e9 aux nuances acajou.  Nez :\u00a0La d\u00e9couverte se poursuit avec un nez d\u2019une tr\u00e8s belle complexit\u00e9 aromatiques aux notes d\u2019agrumes confites.  Bouche :\u00a0En bouche un volume \u00e9tonnant domine l\u2019\u00e9quilibre o\u00f9 se m\u00ealent les notes de pruneau \u00e0 l\u2019eau de vie, d\u2019\u00e9pices douces et de fleur d\u2019oranger. Une tr\u00e8s belle puissance aromatique.  Accords mets et vin:\u00a0Servir id\u00e9alement \u00e0 14\u00b0C, d\u00e9licieux \u00e0 l\u2019ap\u00e9ritif, sur du foie gras, fromages et desserts.","og_url":"https:\/\/www.lauriga.com\/les-vins\/chateau-lauriga-rivesaltes-ambre-hors-dage\/","og_site_name":"Ch\u00e2teau Lauriga","article_modified_time":"2021-02-22T12:36:27+00:00","og_image":[{"width":800,"height":800,"url":"https:\/\/www.lauriga.com\/wp-content\/uploads\/2017\/09\/rivesaltes-ambre.png","type":"image\/png"}],"twitter_card":"summary_large_image","twitter_misc":{"Est. reading time":"1 minute"},"schema":{"@context":"https:\/\/schema.org","@graph":[{"@type":"WebPage","@id":"https:\/\/www.lauriga.com\/les-vins\/chateau-lauriga-rivesaltes-ambre-hors-dage\/","url":"https:\/\/www.lauriga.com\/les-vins\/chateau-lauriga-rivesaltes-ambre-hors-dage\/","name":"Ch\u00e2teau Lauriga Rivesaltes Ambr\u00e9 Hors d\u2019\u00c2ge 75cl - Ch\u00e2teau Lauriga","isPartOf":{"@id":"https:\/\/www.lauriga.com\/#website"},"primaryImageOfPage":{"@id":"https:\/\/www.lauriga.com\/les-vins\/chateau-lauriga-rivesaltes-ambre-hors-dage\/#primaryimage"},"image":{"@id":"https:\/\/www.lauriga.com\/les-vins\/chateau-lauriga-rivesaltes-ambre-hors-dage\/#primaryimage"},"thumbnailUrl":"https:\/\/www.lauriga.com\/wp-content\/uploads\/2017\/09\/rivesaltes-ambre.png","datePublished":"2017-09-21T10:07:29+00:00","dateModified":"2021-02-22T12:36:27+00:00","breadcrumb":{"@id":"https:\/\/www.lauriga.com\/les-vins\/chateau-lauriga-rivesaltes-ambre-hors-dage\/#breadcrumb"},"inLanguage":"en-US","potentialAction":[{"@type":"ReadAction","target":["https:\/\/www.lauriga.com\/les-vins\/chateau-lauriga-rivesaltes-ambre-hors-dage\/"]}]},{"@type":"ImageObject","inLanguage":"en-US","@id":"https:\/\/www.lauriga.com\/les-vins\/chateau-lauriga-rivesaltes-ambre-hors-dage\/#primaryimage","url":"https:\/\/www.lauriga.com\/wp-content\/uploads\/2017\/09\/rivesaltes-ambre.png","contentUrl":"https:\/\/www.lauriga.com\/wp-content\/uploads\/2017\/09\/rivesaltes-ambre.png","width":800,"height":800,"caption":"L\u2019op\u00e9ration de mutage (ajout d\u2019alcool au mo\u00fbt en (fermentation) est survenue ensuite afin de conserver au mo\u00fbt la sucrosit\u00e9 souhait\u00e9e. Un long \u00e9levage en milieu oxydatif, dans des f\u00fbts de 225L, de plusieurs ann\u00e9es a permis le d\u00e9veloppement des ar\u00f4mes caract\u00e9ristiques de ce produit exceptionnel...."},{"@type":"BreadcrumbList","@id":"https:\/\/www.lauriga.com\/les-vins\/chateau-lauriga-rivesaltes-ambre-hors-dage\/#breadcrumb","itemListElement":[{"@type":"ListItem","position":1,"name":"Accueil","item":"https:\/\/www.lauriga.com\/"},{"@type":"ListItem","position":2,"name":"Boutique des vins du Roussillon","item":"https:\/\/www.lauriga.com\/boutique\/"},{"@type":"ListItem","position":3,"name":"Ch\u00e2teau Lauriga Rivesaltes Ambr\u00e9 Hors d\u2019\u00c2ge 75cl"}]},{"@type":"WebSite","@id":"https:\/\/www.lauriga.com\/#website","url":"https:\/\/www.lauriga.com\/","name":"Ch\u00e2teau Lauriga","description":"Les vins du Roussillon","potentialAction":[{"@type":"SearchAction","target":{"@type":"EntryPoint","urlTemplate":"https:\/\/www.lauriga.com\/?s={search_term_string}"},"query-input":{"@type":"PropertyValueSpecification","valueRequired":true,"valueName":"search_term_string"}}],"inLanguage":"en-US"}]}},"_links":{"self":[{"href":"https:\/\/www.lauriga.com\/en\/wp-json\/wp\/v2\/product\/286"}],"collection":[{"href":"https:\/\/www.lauriga.com\/en\/wp-json\/wp\/v2\/product"}],"about":[{"href":"https:\/\/www.lauriga.com\/en\/wp-json\/wp\/v2\/types\/product"}],"replies":[{"embeddable":true,"href":"https:\/\/www.lauriga.com\/en\/wp-json\/wp\/v2\/comments?post=286"}],"wp:featuredmedia":[{"embeddable":true,"href":"https:\/\/www.lauriga.com\/en\/wp-json\/wp\/v2\/media\/545"}],"wp:attachment":[{"href":"https:\/\/www.lauriga.com\/en\/wp-json\/wp\/v2\/media?parent=286"}],"wp:term":[{"taxonomy":"product_cat","embeddable":true,"href":"https:\/\/www.lauriga.com\/en\/wp-json\/wp\/v2\/product_cat?post=286"},{"taxonomy":"product_tag","embeddable":true,"href":"https:\/\/www.lauriga.com\/en\/wp-json\/wp\/v2\/product_tag?post=286"}],"curies":[{"name":"wp","href":"https:\/\/api.w.org\/{rel}","templated":true}]}}