{"id":280,"date":"2017-09-21T11:47:21","date_gmt":"2017-09-21T09:47:21","guid":{"rendered":"https:\/\/www.lauriga.com\/?post_type=product&#038;p=280"},"modified":"2021-02-22T13:37:08","modified_gmt":"2021-02-22T12:37:08","slug":"chateau-lauriga-cuvee-bastien","status":"publish","type":"product","link":"https:\/\/www.lauriga.com\/en\/les-vins\/chateau-lauriga-cuvee-bastien\/","title":{"rendered":"Ch\u00e2teau Lauriga Cuv\u00e9e Bastien 2016 75cl"},"content":{"rendered":"<h4 class=\"p2\">Le vignoble<\/h4>\n<ul>\n<li><strong>Sol :<\/strong> Argilo-calcaire, tr\u00e8s caillouteux<\/li>\n<li><strong>Climat :<\/strong> M\u00e9diterran\u00e9en avec influence Atlantique<\/li>\n<li><strong>Altitude :<\/strong> 60 \u00e0 120m<\/li>\n<li><strong>Rendement moyen :<\/strong> 30hl\/ha<\/li>\n<li><strong>Vendange :<\/strong> Manuelle<\/li>\n<li><strong>Taille :<\/strong> Cordon de Royat<\/li>\n<li><strong>Densit\u00e9 de plantation :<\/strong> 4400 pieds\/ha<\/li>\n<li><strong>Age des vignes :<\/strong> 13 \u2013 25 ans<\/li>\n<\/ul>\n<h4 class=\"p2\">Vinification<\/h4>\n<p class=\"p2\">La mac\u00e9ration d\u00e9marre dans une atmosph\u00e8re satur\u00e9e en gaz carbonique, la temp\u00e9rature des raisins est abaiss\u00e9e pour privil\u00e9gier un d\u00e9part progressif en fermentation et renforcer la puissance aromatique du vin. La mac\u00e9ration se poursuit par des remontages courts et r\u00e9guliers pour favoriser la diffusion de la couleur et des tanins. Elle dure pr\u00e8s de trois semaines.<\/p>\n","protected":false},"excerpt":{"rendered":"<ul>\n<li><strong>Appellation :\u00a0<\/strong>AOP C\u00f4tes du Roussillon<\/li>\n<li><strong>C\u00e9pages :<\/strong>\u00a060% Syrah, 30% Carignan, 10% Grenache<\/li>\n<\/ul>\n<p>&nbsp;<\/p>\n<h4 class=\"p2\">Notes de d\u00e9gustation<\/h4>\n<p>&nbsp;<\/p>\n<ul>\n<li class=\"p2\"><strong>Couleur :\u00a0<\/strong>Robe grenat vif au rouge profond.<\/li>\n<li class=\"p2\"><strong>Nez :\u00a0<\/strong>Un nez de fruits rouges m\u00fbrs, confitur\u00e9s, autour d\u2019une note de r\u00e9glisse, avec une touche d\u2019\u00e9pices douces.<\/li>\n<li class=\"p2\"><strong>Bouche :\u00a0<\/strong>Une attaque ronde et bien \u00e9quilibr\u00e9e, des tanins enrob\u00e9s, ainsi que quelques notes de torr\u00e9faction en finale.<\/li>\n<li class=\"p2\"><strong>Accords mets et vin:\u00a0<\/strong>Servir id\u00e9alement \u00e0 16\u00b0C, accompagn\u00e9 de fromages, viandes en sauce, de civets ainsi que d\u2019autres gibiers.<\/li>\n<\/ul>\n","protected":false},"featured_media":764,"comment_status":"open","ping_status":"closed","template":"","meta":{"_et_pb_use_builder":"","_et_pb_old_content":"","_et_gb_content_width":""},"product_cat":[50],"product_tag":[],"class_list":{"0":"post-280","1":"product","2":"type-product","3":"status-publish","4":"has-post-thumbnail","6":"product_cat-rouge","8":"first","9":"outofstock","10":"taxable","11":"shipping-taxable","12":"product-type-simple"},"yoast_head":"<!-- This site is optimized with the Yoast SEO plugin v25.3.1 - https:\/\/yoast.com\/wordpress\/plugins\/seo\/ -->\n<title>Ch\u00e2teau Lauriga Cuv\u00e9e Bastien 2016 75cl - Ch\u00e2teau Lauriga<\/title>\n<meta name=\"robots\" content=\"index, follow, max-snippet:-1, max-image-preview:large, max-video-preview:-1\" \/>\n<link rel=\"canonical\" href=\"https:\/\/www.lauriga.com\/les-vins\/chateau-lauriga-cuvee-bastien\/\" \/>\n<meta property=\"og:locale\" content=\"en_US\" \/>\n<meta property=\"og:type\" content=\"article\" \/>\n<meta property=\"og:title\" content=\"Ch\u00e2teau Lauriga Cuv\u00e9e Bastien 2016 75cl - Ch\u00e2teau Lauriga\" \/>\n<meta property=\"og:description\" content=\"Appellation :\u00a0AOP C\u00f4tes du Roussillon  C\u00e9pages :\u00a060% Syrah, 30% Carignan, 10% Grenache  &nbsp; Notes de d\u00e9gustation &nbsp;   Couleur :\u00a0Robe grenat vif au rouge profond.  Nez :\u00a0Un nez de fruits rouges m\u00fbrs, confitur\u00e9s, autour d\u2019une note de r\u00e9glisse, avec une touche d\u2019\u00e9pices douces.  Bouche :\u00a0Une attaque ronde et bien \u00e9quilibr\u00e9e, des tanins enrob\u00e9s, ainsi que quelques notes de torr\u00e9faction en finale.  Accords mets et vin:\u00a0Servir id\u00e9alement \u00e0 16\u00b0C, accompagn\u00e9 de fromages, viandes en sauce, de civets ainsi que d\u2019autres gibiers.\" \/>\n<meta property=\"og:url\" content=\"https:\/\/www.lauriga.com\/les-vins\/chateau-lauriga-cuvee-bastien\/\" \/>\n<meta property=\"og:site_name\" content=\"Ch\u00e2teau Lauriga\" \/>\n<meta property=\"article:modified_time\" content=\"2021-02-22T12:37:08+00:00\" \/>\n<meta property=\"og:image\" content=\"https:\/\/www.lauriga.com\/wp-content\/uploads\/2017\/09\/chateau-lauriga-bastien-reserve-2016.png\" \/>\n\t<meta property=\"og:image:width\" content=\"800\" \/>\n\t<meta property=\"og:image:height\" content=\"800\" \/>\n\t<meta property=\"og:image:type\" content=\"image\/png\" \/>\n<meta name=\"twitter:card\" content=\"summary_large_image\" \/>\n<meta name=\"twitter:label1\" content=\"Est. reading time\" \/>\n\t<meta name=\"twitter:data1\" content=\"1 minute\" \/>\n<script type=\"application\/ld+json\" class=\"yoast-schema-graph\">{\"@context\":\"https:\/\/schema.org\",\"@graph\":[{\"@type\":\"WebPage\",\"@id\":\"https:\/\/www.lauriga.com\/les-vins\/chateau-lauriga-cuvee-bastien\/\",\"url\":\"https:\/\/www.lauriga.com\/les-vins\/chateau-lauriga-cuvee-bastien\/\",\"name\":\"Ch\u00e2teau Lauriga Cuv\u00e9e Bastien 2016 75cl - Ch\u00e2teau Lauriga\",\"isPartOf\":{\"@id\":\"https:\/\/www.lauriga.com\/#website\"},\"primaryImageOfPage\":{\"@id\":\"https:\/\/www.lauriga.com\/les-vins\/chateau-lauriga-cuvee-bastien\/#primaryimage\"},\"image\":{\"@id\":\"https:\/\/www.lauriga.com\/les-vins\/chateau-lauriga-cuvee-bastien\/#primaryimage\"},\"thumbnailUrl\":\"https:\/\/www.lauriga.com\/wp-content\/uploads\/2017\/09\/chateau-lauriga-bastien-reserve-2016.png\",\"datePublished\":\"2017-09-21T09:47:21+00:00\",\"dateModified\":\"2021-02-22T12:37:08+00:00\",\"breadcrumb\":{\"@id\":\"https:\/\/www.lauriga.com\/les-vins\/chateau-lauriga-cuvee-bastien\/#breadcrumb\"},\"inLanguage\":\"en-US\",\"potentialAction\":[{\"@type\":\"ReadAction\",\"target\":[\"https:\/\/www.lauriga.com\/les-vins\/chateau-lauriga-cuvee-bastien\/\"]}]},{\"@type\":\"ImageObject\",\"inLanguage\":\"en-US\",\"@id\":\"https:\/\/www.lauriga.com\/les-vins\/chateau-lauriga-cuvee-bastien\/#primaryimage\",\"url\":\"https:\/\/www.lauriga.com\/wp-content\/uploads\/2017\/09\/chateau-lauriga-bastien-reserve-2016.png\",\"contentUrl\":\"https:\/\/www.lauriga.com\/wp-content\/uploads\/2017\/09\/chateau-lauriga-bastien-reserve-2016.png\",\"width\":800,\"height\":800},{\"@type\":\"BreadcrumbList\",\"@id\":\"https:\/\/www.lauriga.com\/les-vins\/chateau-lauriga-cuvee-bastien\/#breadcrumb\",\"itemListElement\":[{\"@type\":\"ListItem\",\"position\":1,\"name\":\"Accueil\",\"item\":\"https:\/\/www.lauriga.com\/\"},{\"@type\":\"ListItem\",\"position\":2,\"name\":\"Boutique des vins du Roussillon\",\"item\":\"https:\/\/www.lauriga.com\/boutique\/\"},{\"@type\":\"ListItem\",\"position\":3,\"name\":\"Ch\u00e2teau Lauriga Cuv\u00e9e Bastien 2016 75cl\"}]},{\"@type\":\"WebSite\",\"@id\":\"https:\/\/www.lauriga.com\/#website\",\"url\":\"https:\/\/www.lauriga.com\/\",\"name\":\"Ch\u00e2teau Lauriga\",\"description\":\"Les vins du Roussillon\",\"potentialAction\":[{\"@type\":\"SearchAction\",\"target\":{\"@type\":\"EntryPoint\",\"urlTemplate\":\"https:\/\/www.lauriga.com\/?s={search_term_string}\"},\"query-input\":{\"@type\":\"PropertyValueSpecification\",\"valueRequired\":true,\"valueName\":\"search_term_string\"}}],\"inLanguage\":\"en-US\"}]}<\/script>\n<!-- \/ Yoast SEO plugin. -->","yoast_head_json":{"title":"Ch\u00e2teau Lauriga Cuv\u00e9e Bastien 2016 75cl - Ch\u00e2teau Lauriga","robots":{"index":"index","follow":"follow","max-snippet":"max-snippet:-1","max-image-preview":"max-image-preview:large","max-video-preview":"max-video-preview:-1"},"canonical":"https:\/\/www.lauriga.com\/les-vins\/chateau-lauriga-cuvee-bastien\/","og_locale":"en_US","og_type":"article","og_title":"Ch\u00e2teau Lauriga Cuv\u00e9e Bastien 2016 75cl - Ch\u00e2teau Lauriga","og_description":"Appellation :\u00a0AOP C\u00f4tes du Roussillon  C\u00e9pages :\u00a060% Syrah, 30% Carignan, 10% Grenache  &nbsp; Notes de d\u00e9gustation &nbsp;   Couleur :\u00a0Robe grenat vif au rouge profond.  Nez :\u00a0Un nez de fruits rouges m\u00fbrs, confitur\u00e9s, autour d\u2019une note de r\u00e9glisse, avec une touche d\u2019\u00e9pices douces.  Bouche :\u00a0Une attaque ronde et bien \u00e9quilibr\u00e9e, des tanins enrob\u00e9s, ainsi que quelques notes de torr\u00e9faction en finale.  Accords mets et vin:\u00a0Servir id\u00e9alement \u00e0 16\u00b0C, accompagn\u00e9 de fromages, viandes en sauce, de civets ainsi que d\u2019autres gibiers.","og_url":"https:\/\/www.lauriga.com\/les-vins\/chateau-lauriga-cuvee-bastien\/","og_site_name":"Ch\u00e2teau Lauriga","article_modified_time":"2021-02-22T12:37:08+00:00","og_image":[{"width":800,"height":800,"url":"https:\/\/www.lauriga.com\/wp-content\/uploads\/2017\/09\/chateau-lauriga-bastien-reserve-2016.png","type":"image\/png"}],"twitter_card":"summary_large_image","twitter_misc":{"Est. reading time":"1 minute"},"schema":{"@context":"https:\/\/schema.org","@graph":[{"@type":"WebPage","@id":"https:\/\/www.lauriga.com\/les-vins\/chateau-lauriga-cuvee-bastien\/","url":"https:\/\/www.lauriga.com\/les-vins\/chateau-lauriga-cuvee-bastien\/","name":"Ch\u00e2teau Lauriga Cuv\u00e9e Bastien 2016 75cl - Ch\u00e2teau Lauriga","isPartOf":{"@id":"https:\/\/www.lauriga.com\/#website"},"primaryImageOfPage":{"@id":"https:\/\/www.lauriga.com\/les-vins\/chateau-lauriga-cuvee-bastien\/#primaryimage"},"image":{"@id":"https:\/\/www.lauriga.com\/les-vins\/chateau-lauriga-cuvee-bastien\/#primaryimage"},"thumbnailUrl":"https:\/\/www.lauriga.com\/wp-content\/uploads\/2017\/09\/chateau-lauriga-bastien-reserve-2016.png","datePublished":"2017-09-21T09:47:21+00:00","dateModified":"2021-02-22T12:37:08+00:00","breadcrumb":{"@id":"https:\/\/www.lauriga.com\/les-vins\/chateau-lauriga-cuvee-bastien\/#breadcrumb"},"inLanguage":"en-US","potentialAction":[{"@type":"ReadAction","target":["https:\/\/www.lauriga.com\/les-vins\/chateau-lauriga-cuvee-bastien\/"]}]},{"@type":"ImageObject","inLanguage":"en-US","@id":"https:\/\/www.lauriga.com\/les-vins\/chateau-lauriga-cuvee-bastien\/#primaryimage","url":"https:\/\/www.lauriga.com\/wp-content\/uploads\/2017\/09\/chateau-lauriga-bastien-reserve-2016.png","contentUrl":"https:\/\/www.lauriga.com\/wp-content\/uploads\/2017\/09\/chateau-lauriga-bastien-reserve-2016.png","width":800,"height":800},{"@type":"BreadcrumbList","@id":"https:\/\/www.lauriga.com\/les-vins\/chateau-lauriga-cuvee-bastien\/#breadcrumb","itemListElement":[{"@type":"ListItem","position":1,"name":"Accueil","item":"https:\/\/www.lauriga.com\/"},{"@type":"ListItem","position":2,"name":"Boutique des vins du Roussillon","item":"https:\/\/www.lauriga.com\/boutique\/"},{"@type":"ListItem","position":3,"name":"Ch\u00e2teau Lauriga Cuv\u00e9e Bastien 2016 75cl"}]},{"@type":"WebSite","@id":"https:\/\/www.lauriga.com\/#website","url":"https:\/\/www.lauriga.com\/","name":"Ch\u00e2teau Lauriga","description":"Les vins du Roussillon","potentialAction":[{"@type":"SearchAction","target":{"@type":"EntryPoint","urlTemplate":"https:\/\/www.lauriga.com\/?s={search_term_string}"},"query-input":{"@type":"PropertyValueSpecification","valueRequired":true,"valueName":"search_term_string"}}],"inLanguage":"en-US"}]}},"_links":{"self":[{"href":"https:\/\/www.lauriga.com\/en\/wp-json\/wp\/v2\/product\/280"}],"collection":[{"href":"https:\/\/www.lauriga.com\/en\/wp-json\/wp\/v2\/product"}],"about":[{"href":"https:\/\/www.lauriga.com\/en\/wp-json\/wp\/v2\/types\/product"}],"replies":[{"embeddable":true,"href":"https:\/\/www.lauriga.com\/en\/wp-json\/wp\/v2\/comments?post=280"}],"wp:featuredmedia":[{"embeddable":true,"href":"https:\/\/www.lauriga.com\/en\/wp-json\/wp\/v2\/media\/764"}],"wp:attachment":[{"href":"https:\/\/www.lauriga.com\/en\/wp-json\/wp\/v2\/media?parent=280"}],"wp:term":[{"taxonomy":"product_cat","embeddable":true,"href":"https:\/\/www.lauriga.com\/en\/wp-json\/wp\/v2\/product_cat?post=280"},{"taxonomy":"product_tag","embeddable":true,"href":"https:\/\/www.lauriga.com\/en\/wp-json\/wp\/v2\/product_tag?post=280"}],"curies":[{"name":"wp","href":"https:\/\/api.w.org\/{rel}","templated":true}]}}