{"id":1002,"date":"2020-04-20T22:18:47","date_gmt":"2020-04-20T20:18:47","guid":{"rendered":"https:\/\/www.lauriga.com\/?post_type=product&#038;p=1002"},"modified":"2021-02-22T13:34:30","modified_gmt":"2021-02-22T12:34:30","slug":"huile-dolive-des-tannes-50cl","status":"publish","type":"product","link":"https:\/\/www.lauriga.com\/en\/les-vins\/huile-dolive-des-tannes-50cl\/","title":{"rendered":"Huile d&#8217;olive des Tannes 50cl"},"content":{"rendered":"<p><strong>INGREDIENT<\/strong><\/p>\n<p>100% olives<\/p>\n<p>Olivi\u00e8re, Lucques, Aglandau des Tannes<\/p>\n<p><strong>\u00a0<\/strong><strong>PROCESS DE FABRICATION<\/strong><\/p>\n<ol>\n<li>Triage-Nettoyage<\/li>\n<li>Centrifugation<\/li>\n<li>Filtration sur toile<\/li>\n<li>D\u00e9cantation<\/li>\n<li>Filtration sur papier buvard<\/li>\n<li>Conditionement<\/li>\n<\/ol>\n<p><strong>DESCRIPTION<\/strong><\/p>\n<p>Notre huile d\u2019olive est obtenue \u00e0 partir de nos oliv\u00e8res, sans additifs et sans adjonction d\u2019autre huile. L\u2019huile d\u2019olive est vierge extra obtenue uniquement par des proc\u00e9d\u00e9s m\u00e9caniques. Elle ne subit ni traitement chimique, ni raffinage.<\/p>\n","protected":false},"excerpt":{"rendered":"<p><strong>NOTES DE D\u00c9GUSTATION<\/strong><strong>\u00a0<\/strong><\/p>\n<p>Couleur : or avec des reflets verts<\/p>\n<p><strong>Nez :<\/strong> florale avec des notes de pains grill\u00e9s<\/p>\n<p><strong>Bouche <\/strong><strong>:<\/strong> douce et fruit\u00e9 avec une belle longueur<\/p>\n<p><strong>Accords\u00a0: <\/strong>avec un carpaccio de b\u0153uf d\u2019Aubrac sur une tomate c\u0153ur de b\u0153uf et une burrata fraiche.<\/p>\n","protected":false},"featured_media":1003,"comment_status":"open","ping_status":"closed","template":"","meta":{"_et_pb_use_builder":"","_et_pb_old_content":"","_et_gb_content_width":""},"product_cat":[78],"product_tag":[],"class_list":{"0":"post-1002","1":"product","2":"type-product","3":"status-publish","4":"has-post-thumbnail","6":"product_cat-huile-olive","8":"first","9":"outofstock","10":"taxable","11":"shipping-taxable","12":"product-type-simple"},"yoast_head":"<!-- This site is optimized with the Yoast SEO plugin v25.3.1 - https:\/\/yoast.com\/wordpress\/plugins\/seo\/ -->\n<title>Huile d&#039;olive des Tannes 50cl - Ch\u00e2teau Lauriga<\/title>\n<meta name=\"robots\" content=\"index, follow, max-snippet:-1, max-image-preview:large, max-video-preview:-1\" \/>\n<link rel=\"canonical\" href=\"https:\/\/www.lauriga.com\/les-vins\/huile-dolive-des-tannes-50cl\/\" \/>\n<meta property=\"og:locale\" content=\"en_US\" \/>\n<meta property=\"og:type\" content=\"article\" \/>\n<meta property=\"og:title\" content=\"Huile d&#039;olive des Tannes 50cl - Ch\u00e2teau Lauriga\" \/>\n<meta property=\"og:description\" content=\"NOTES DE D\u00c9GUSTATION\u00a0  Couleur : or avec des reflets verts  Nez : florale avec des notes de pains grill\u00e9s  Bouche : douce et fruit\u00e9 avec une belle longueur  Accords\u00a0: avec un carpaccio de b\u0153uf d\u2019Aubrac sur une tomate c\u0153ur de b\u0153uf et une burrata fraiche.\" \/>\n<meta property=\"og:url\" content=\"https:\/\/www.lauriga.com\/les-vins\/huile-dolive-des-tannes-50cl\/\" \/>\n<meta property=\"og:site_name\" content=\"Ch\u00e2teau Lauriga\" \/>\n<meta property=\"article:modified_time\" content=\"2021-02-22T12:34:30+00:00\" \/>\n<meta property=\"og:image\" content=\"https:\/\/www.lauriga.com\/wp-content\/uploads\/2020\/04\/LTN_OCC-BC-HUILEDOLIVE-HD-NEW.png\" \/>\n\t<meta property=\"og:image:width\" content=\"800\" \/>\n\t<meta property=\"og:image:height\" content=\"800\" \/>\n\t<meta property=\"og:image:type\" content=\"image\/png\" \/>\n<meta name=\"twitter:card\" content=\"summary_large_image\" \/>\n<script type=\"application\/ld+json\" class=\"yoast-schema-graph\">{\"@context\":\"https:\/\/schema.org\",\"@graph\":[{\"@type\":\"WebPage\",\"@id\":\"https:\/\/www.lauriga.com\/les-vins\/huile-dolive-des-tannes-50cl\/\",\"url\":\"https:\/\/www.lauriga.com\/les-vins\/huile-dolive-des-tannes-50cl\/\",\"name\":\"Huile d'olive des Tannes 50cl - Ch\u00e2teau Lauriga\",\"isPartOf\":{\"@id\":\"https:\/\/www.lauriga.com\/#website\"},\"primaryImageOfPage\":{\"@id\":\"https:\/\/www.lauriga.com\/les-vins\/huile-dolive-des-tannes-50cl\/#primaryimage\"},\"image\":{\"@id\":\"https:\/\/www.lauriga.com\/les-vins\/huile-dolive-des-tannes-50cl\/#primaryimage\"},\"thumbnailUrl\":\"https:\/\/www.lauriga.com\/wp-content\/uploads\/2020\/04\/LTN_OCC-BC-HUILEDOLIVE-HD-NEW.png\",\"datePublished\":\"2020-04-20T20:18:47+00:00\",\"dateModified\":\"2021-02-22T12:34:30+00:00\",\"breadcrumb\":{\"@id\":\"https:\/\/www.lauriga.com\/les-vins\/huile-dolive-des-tannes-50cl\/#breadcrumb\"},\"inLanguage\":\"en-US\",\"potentialAction\":[{\"@type\":\"ReadAction\",\"target\":[\"https:\/\/www.lauriga.com\/les-vins\/huile-dolive-des-tannes-50cl\/\"]}]},{\"@type\":\"ImageObject\",\"inLanguage\":\"en-US\",\"@id\":\"https:\/\/www.lauriga.com\/les-vins\/huile-dolive-des-tannes-50cl\/#primaryimage\",\"url\":\"https:\/\/www.lauriga.com\/wp-content\/uploads\/2020\/04\/LTN_OCC-BC-HUILEDOLIVE-HD-NEW.png\",\"contentUrl\":\"https:\/\/www.lauriga.com\/wp-content\/uploads\/2020\/04\/LTN_OCC-BC-HUILEDOLIVE-HD-NEW.png\",\"width\":800,\"height\":800},{\"@type\":\"BreadcrumbList\",\"@id\":\"https:\/\/www.lauriga.com\/les-vins\/huile-dolive-des-tannes-50cl\/#breadcrumb\",\"itemListElement\":[{\"@type\":\"ListItem\",\"position\":1,\"name\":\"Accueil\",\"item\":\"https:\/\/www.lauriga.com\/\"},{\"@type\":\"ListItem\",\"position\":2,\"name\":\"Boutique des vins du Roussillon\",\"item\":\"https:\/\/www.lauriga.com\/boutique\/\"},{\"@type\":\"ListItem\",\"position\":3,\"name\":\"Huile d&rsquo;olive des Tannes 50cl\"}]},{\"@type\":\"WebSite\",\"@id\":\"https:\/\/www.lauriga.com\/#website\",\"url\":\"https:\/\/www.lauriga.com\/\",\"name\":\"Ch\u00e2teau Lauriga\",\"description\":\"Les vins du Roussillon\",\"potentialAction\":[{\"@type\":\"SearchAction\",\"target\":{\"@type\":\"EntryPoint\",\"urlTemplate\":\"https:\/\/www.lauriga.com\/?s={search_term_string}\"},\"query-input\":{\"@type\":\"PropertyValueSpecification\",\"valueRequired\":true,\"valueName\":\"search_term_string\"}}],\"inLanguage\":\"en-US\"}]}<\/script>\n<!-- \/ Yoast SEO plugin. -->","yoast_head_json":{"title":"Huile d'olive des Tannes 50cl - Ch\u00e2teau Lauriga","robots":{"index":"index","follow":"follow","max-snippet":"max-snippet:-1","max-image-preview":"max-image-preview:large","max-video-preview":"max-video-preview:-1"},"canonical":"https:\/\/www.lauriga.com\/les-vins\/huile-dolive-des-tannes-50cl\/","og_locale":"en_US","og_type":"article","og_title":"Huile d'olive des Tannes 50cl - Ch\u00e2teau Lauriga","og_description":"NOTES DE D\u00c9GUSTATION\u00a0  Couleur : or avec des reflets verts  Nez : florale avec des notes de pains grill\u00e9s  Bouche : douce et fruit\u00e9 avec une belle longueur  Accords\u00a0: avec un carpaccio de b\u0153uf d\u2019Aubrac sur une tomate c\u0153ur de b\u0153uf et une burrata fraiche.","og_url":"https:\/\/www.lauriga.com\/les-vins\/huile-dolive-des-tannes-50cl\/","og_site_name":"Ch\u00e2teau Lauriga","article_modified_time":"2021-02-22T12:34:30+00:00","og_image":[{"width":800,"height":800,"url":"https:\/\/www.lauriga.com\/wp-content\/uploads\/2020\/04\/LTN_OCC-BC-HUILEDOLIVE-HD-NEW.png","type":"image\/png"}],"twitter_card":"summary_large_image","schema":{"@context":"https:\/\/schema.org","@graph":[{"@type":"WebPage","@id":"https:\/\/www.lauriga.com\/les-vins\/huile-dolive-des-tannes-50cl\/","url":"https:\/\/www.lauriga.com\/les-vins\/huile-dolive-des-tannes-50cl\/","name":"Huile d'olive des Tannes 50cl - Ch\u00e2teau Lauriga","isPartOf":{"@id":"https:\/\/www.lauriga.com\/#website"},"primaryImageOfPage":{"@id":"https:\/\/www.lauriga.com\/les-vins\/huile-dolive-des-tannes-50cl\/#primaryimage"},"image":{"@id":"https:\/\/www.lauriga.com\/les-vins\/huile-dolive-des-tannes-50cl\/#primaryimage"},"thumbnailUrl":"https:\/\/www.lauriga.com\/wp-content\/uploads\/2020\/04\/LTN_OCC-BC-HUILEDOLIVE-HD-NEW.png","datePublished":"2020-04-20T20:18:47+00:00","dateModified":"2021-02-22T12:34:30+00:00","breadcrumb":{"@id":"https:\/\/www.lauriga.com\/les-vins\/huile-dolive-des-tannes-50cl\/#breadcrumb"},"inLanguage":"en-US","potentialAction":[{"@type":"ReadAction","target":["https:\/\/www.lauriga.com\/les-vins\/huile-dolive-des-tannes-50cl\/"]}]},{"@type":"ImageObject","inLanguage":"en-US","@id":"https:\/\/www.lauriga.com\/les-vins\/huile-dolive-des-tannes-50cl\/#primaryimage","url":"https:\/\/www.lauriga.com\/wp-content\/uploads\/2020\/04\/LTN_OCC-BC-HUILEDOLIVE-HD-NEW.png","contentUrl":"https:\/\/www.lauriga.com\/wp-content\/uploads\/2020\/04\/LTN_OCC-BC-HUILEDOLIVE-HD-NEW.png","width":800,"height":800},{"@type":"BreadcrumbList","@id":"https:\/\/www.lauriga.com\/les-vins\/huile-dolive-des-tannes-50cl\/#breadcrumb","itemListElement":[{"@type":"ListItem","position":1,"name":"Accueil","item":"https:\/\/www.lauriga.com\/"},{"@type":"ListItem","position":2,"name":"Boutique des vins du Roussillon","item":"https:\/\/www.lauriga.com\/boutique\/"},{"@type":"ListItem","position":3,"name":"Huile d&rsquo;olive des Tannes 50cl"}]},{"@type":"WebSite","@id":"https:\/\/www.lauriga.com\/#website","url":"https:\/\/www.lauriga.com\/","name":"Ch\u00e2teau Lauriga","description":"Les vins du Roussillon","potentialAction":[{"@type":"SearchAction","target":{"@type":"EntryPoint","urlTemplate":"https:\/\/www.lauriga.com\/?s={search_term_string}"},"query-input":{"@type":"PropertyValueSpecification","valueRequired":true,"valueName":"search_term_string"}}],"inLanguage":"en-US"}]}},"_links":{"self":[{"href":"https:\/\/www.lauriga.com\/en\/wp-json\/wp\/v2\/product\/1002"}],"collection":[{"href":"https:\/\/www.lauriga.com\/en\/wp-json\/wp\/v2\/product"}],"about":[{"href":"https:\/\/www.lauriga.com\/en\/wp-json\/wp\/v2\/types\/product"}],"replies":[{"embeddable":true,"href":"https:\/\/www.lauriga.com\/en\/wp-json\/wp\/v2\/comments?post=1002"}],"wp:featuredmedia":[{"embeddable":true,"href":"https:\/\/www.lauriga.com\/en\/wp-json\/wp\/v2\/media\/1003"}],"wp:attachment":[{"href":"https:\/\/www.lauriga.com\/en\/wp-json\/wp\/v2\/media?parent=1002"}],"wp:term":[{"taxonomy":"product_cat","embeddable":true,"href":"https:\/\/www.lauriga.com\/en\/wp-json\/wp\/v2\/product_cat?post=1002"},{"taxonomy":"product_tag","embeddable":true,"href":"https:\/\/www.lauriga.com\/en\/wp-json\/wp\/v2\/product_tag?post=1002"}],"curies":[{"name":"wp","href":"https:\/\/api.w.org\/{rel}","templated":true}]}}